{"id":88,"date":"2021-09-19T05:45:18","date_gmt":"2021-09-19T03:45:18","guid":{"rendered":"http:\/\/clubvttgenilac42.fr\/?page_id=88"},"modified":"2025-09-24T21:19:36","modified_gmt":"2025-09-24T19:19:36","slug":"agenda-2021-2022","status":"publish","type":"page","link":"http:\/\/clubvttgenilac42.fr\/index.php\/agenda-2021-2022\/","title":{"rendered":"Agenda 2025-2026"},"content":{"rendered":"\n<div class=\"wp-block-image\"><figure class=\"alignleft size-large\"><img loading=\"lazy\" width=\"210\" height=\"191\" src=\"http:\/\/clubvttgenilac42.fr\/wp-content\/uploads\/2021\/09\/mousepad-je-peux-pas-j-ai-vtt-bike-mountain-white-1.jpg\" alt=\"\" class=\"wp-image-97\"\/><\/figure><\/div>\n\n\n\n<p><\/p>\n\n\n\n<p>Reprise d&rsquo;activit\u00e9 du club :  <strong><span class=\"has-inline-color has-luminous-vivid-orange-color\">6 Septembre 2025<\/span><\/strong> (apr\u00e8s midi)<\/p>\n\n\n\n<p>Forum des associations : <span class=\"has-inline-color has-luminous-vivid-orange-color\"><strong>13 Septembre 2023<\/strong> (matin)<\/span><\/p>\n\n\n\n<p>Assembl\u00e9e g\u00e9n\u00e9rale : <strong><span class=\"has-inline-color has-luminous-vivid-orange-color\">7 Novembre \u00e0 la salle de la Cula<\/span><\/strong><\/p>\n\n\n\n<p>Voeux et galette : <strong><span class=\"has-inline-color has-luminous-vivid-orange-color\">10 Janvier \u00e0 la salle de la Cula<\/span><\/strong> <\/p>\n\n\n\n<p>WE Boudin :  <strong><span class=\"has-inline-color has-luminous-vivid-orange-color\">7 et 8  Fevrier aux Bourdonnes<\/span><\/strong><\/p>\n\n\n\n<p>Genilacoise :  <strong><span class=\"has-inline-color has-luminous-vivid-orange-color\">3 mai <\/span><\/strong>  <\/p>\n\n\n\n<p>WE d&rsquo;\u00e9t\u00e9 licenci\u00e9s :  <strong><span class=\"has-inline-color has-luminous-vivid-orange-color\">6 et 7 juin<\/span><\/strong><\/p>\n\n\n\n<p><strong>Autres manifestations externes au club<\/strong> :<\/p>\n\n\n\n<p>La Sambonitaine : <span class=\"has-inline-color has-luminous-vivid-orange-color\"><strong>11 Nov 2025<\/strong><\/span><\/p>\n\n\n\n<p><\/p>\n\n\n\n<p><\/p>\n\n\n\n<p><\/p>\n\n\n\n<p><\/p>\n","protected":false},"excerpt":{"rendered":"<p>Reprise d&rsquo;activit\u00e9 du club : 6 Septembre 2025 (apr\u00e8s midi) Forum des associations : 13 Septembre 2023 (matin) Assembl\u00e9e g\u00e9n\u00e9rale : 7 Novembre \u00e0 la salle de la Cula Voeux et galette : 10 Janvier \u00e0 la salle de la Cula WE Boudin : 7 et 8 Fevrier aux Bourdonnes Genilacoise : 3 mai WE d&rsquo;\u00e9t\u00e9 licenci\u00e9s : 6 et 7 juin Autres manifestations externes au club : La Sambonitaine : 11 Nov 2025<\/p>\n","protected":false},"author":1,"featured_media":0,"parent":0,"menu_order":0,"comment_status":"closed","ping_status":"closed","template":"","meta":[],"_links":{"self":[{"href":"http:\/\/clubvttgenilac42.fr\/index.php\/wp-json\/wp\/v2\/pages\/88"}],"collection":[{"href":"http:\/\/clubvttgenilac42.fr\/index.php\/wp-json\/wp\/v2\/pages"}],"about":[{"href":"http:\/\/clubvttgenilac42.fr\/index.php\/wp-json\/wp\/v2\/types\/page"}],"author":[{"embeddable":true,"href":"http:\/\/clubvttgenilac42.fr\/index.php\/wp-json\/wp\/v2\/users\/1"}],"replies":[{"embeddable":true,"href":"http:\/\/clubvttgenilac42.fr\/index.php\/wp-json\/wp\/v2\/comments?post=88"}],"version-history":[{"count":23,"href":"http:\/\/clubvttgenilac42.fr\/index.php\/wp-json\/wp\/v2\/pages\/88\/revisions"}],"predecessor-version":[{"id":454,"href":"http:\/\/clubvttgenilac42.fr\/index.php\/wp-json\/wp\/v2\/pages\/88\/revisions\/454"}],"wp:attachment":[{"href":"http:\/\/clubvttgenilac42.fr\/index.php\/wp-json\/wp\/v2\/media?parent=88"}],"curies":[{"name":"wp","href":"https:\/\/api.w.org\/{rel}","templated":true}]}}